{"id":1927,"date":"2021-10-02T10:21:31","date_gmt":"2021-10-02T10:21:31","guid":{"rendered":"https:\/\/eixample-elprat.residenciaslatorreta.com\/actividades\/"},"modified":"2022-01-12T11:33:10","modified_gmt":"2022-01-12T11:33:10","slug":"activitats","status":"publish","type":"page","link":"https:\/\/eixample-elprat.residenciaslatorreta.com\/ca\/activitats\/","title":{"rendered":"Activitats"},"content":{"rendered":"<div class=\"wpb-content-wrapper\"><p>[vc_row css_animation=&#8221;element_from_bottom&#8221; row_type=&#8221;row&#8221; use_row_as_full_screen_section=&#8221;no&#8221; type=&#8221;full_width&#8221; angled_section=&#8221;no&#8221; text_align=&#8221;left&#8221; background_image_as_pattern=&#8221;without_pattern&#8221; css=&#8221;.vc_custom_1633510392534{background-color: #58595b !important;}&#8221; z_index=&#8221;&#8221;][vc_column][vc_empty_space height=&#8221;50&#8243;][vc_column_text]<\/p>\n<h1 style=\"text-align: center;\"><span style=\"color: #ffffff;\">Activitats<\/span><\/h1>\n<p>[\/vc_column_text][vc_empty_space height=&#8221;50&#8243;][\/vc_column][\/vc_row][vc_row css_animation=&#8221;&#8221; row_type=&#8221;row&#8221; use_row_as_full_screen_section=&#8221;no&#8221; type=&#8221;grid&#8221; angled_section=&#8221;no&#8221; text_align=&#8221;left&#8221; background_image_as_pattern=&#8221;without_pattern&#8221; z_index=&#8221;&#8221;][vc_column][vc_empty_space height=&#8221;50&#8243;][\/vc_column][\/vc_row][vc_row css_animation=&#8221;&#8221; row_type=&#8221;row&#8221; use_row_as_full_screen_section=&#8221;no&#8221; type=&#8221;grid&#8221; angled_section=&#8221;no&#8221; text_align=&#8221;left&#8221; background_image_as_pattern=&#8221;without_pattern&#8221; z_index=&#8221;&#8221;][vc_column width=&#8221;1\/2&#8243;][vc_single_image image=&#8221;1933&#8243; img_size=&#8221;530&#215;290&#8243; qode_css_animation=&#8221;&#8221; qode_hover_animation=&#8221;bottom_title&#8221;][vc_empty_space height=&#8221;10&#8243;][vc_single_image image=&#8221;1932&#8243; img_size=&#8221;530&#215;290&#8243; qode_css_animation=&#8221;&#8221; qode_hover_animation=&#8221;bottom_title&#8221;][vc_empty_space height=&#8221;10&#8243;][\/vc_column][vc_column width=&#8221;1\/2&#8243;][vc_single_image image=&#8221;1897&#8243; img_size=&#8221;530X590&#8243; qode_css_animation=&#8221;&#8221; qode_hover_animation=&#8221;bottom_title&#8221;][vc_empty_space height=&#8221;10&#8243;][\/vc_column][\/vc_row][vc_row css_animation=&#8221;&#8221; row_type=&#8221;row&#8221; use_row_as_full_screen_section=&#8221;no&#8221; type=&#8221;grid&#8221; angled_section=&#8221;no&#8221; text_align=&#8221;left&#8221; background_image_as_pattern=&#8221;without_pattern&#8221; z_index=&#8221;&#8221;][vc_column][vc_empty_space height=&#8221;50&#8243;][\/vc_column][\/vc_row][vc_row css_animation=&#8221;&#8221; row_type=&#8221;row&#8221; use_row_as_full_screen_section=&#8221;no&#8221; type=&#8221;full_width&#8221; angled_section=&#8221;no&#8221; text_align=&#8221;left&#8221; background_image_as_pattern=&#8221;without_pattern&#8221; css=&#8221;.vc_custom_1633521984002{background-color: #006799 !important;}&#8221; z_index=&#8221;&#8221;][vc_column][vc_empty_space height=&#8221;60&#8243;][vc_column_text css=&#8221;.vc_custom_1640783272147{padding-right: 50px !important;padding-left: 50px !important;}&#8221;]<\/p>\n<h5 style=\"text-align: center;\"><span style=\"color: #ffffff;\">&#8220;Les nostres activitats estan pensades des de la <strong>VOCACI\u00d3<\/strong> de servei, perqu\u00e8 les nostres persones usu\u00e0ries gaudeixin d&#8217;un envelliment saludable, envoltats de jardins, zones a l&#8217;aire lliure i tallers que recuperen el millor dels horts de tota la vida del Prat amb el nostre <strong>JARD\u00cd DELS\u00a0SENTITS<\/strong> i <strong>HORT TERAP\u00c8UTIC<\/strong>&#8220;<\/span><\/h5>\n<p>[\/vc_column_text][vc_empty_space height=&#8221;60&#8243;][\/vc_column][\/vc_row][vc_row css_animation=&#8221;&#8221; row_type=&#8221;row&#8221; use_row_as_full_screen_section=&#8221;no&#8221; type=&#8221;grid&#8221; angled_section=&#8221;no&#8221; text_align=&#8221;left&#8221; background_image_as_pattern=&#8221;without_pattern&#8221; z_index=&#8221;&#8221;][vc_column][vc_empty_space height=&#8221;50&#8243;][\/vc_column][\/vc_row][vc_row css_animation=&#8221;&#8221; row_type=&#8221;row&#8221; use_row_as_full_screen_section=&#8221;no&#8221; type=&#8221;grid&#8221; angled_section=&#8221;no&#8221; text_align=&#8221;left&#8221; background_image_as_pattern=&#8221;without_pattern&#8221; z_index=&#8221;&#8221;][vc_column][vc_column_text]<span style=\"color: #333333;\">Les activitats en una resid\u00e8ncia s\u00f3n essencials per a la gent gran com els tallers que fem de mem\u00f2ria o psicomotricitat. Per aquesta ra\u00f3, \u00e9s crucial tenir un equip comprom\u00e8s que pugui crear activitats diferents, adaptades a les necessitats de la nostra gent gran i, per descomptat, amb molta varietat.<\/span><\/p>\n<p>&nbsp;<\/p>\n<p><span style=\"color: #333333;\">En aquest sentit, una part important de l&#8217;espai de <span style=\"color: #006799;\"><strong>La Torreta <\/strong><\/span><\/span><span style=\"color: #41783c;\"><span style=\"color: #8fd179;\"><strong>Eixample El Prat <\/strong><span style=\"color: #333333;\"><span class=\"hiddenGrammarError\">s&#8217;<\/span>ha destinat a desenvolupar el nou<strong> JARD\u00cd DELS SENTITS i HORT TERAP\u00c8UTIC <\/strong>amb l&#8217;ajuda de\u00a0<span class=\"hiddenSpellError\">Karin<\/span>\u00a0<span class=\"hiddenSpellError\">Palml\u00f6f<\/span>, pionera en jardineria terap\u00e8utica.<\/span><\/span><\/span><\/p>\n<p>&nbsp;<\/p>\n<p><span style=\"color: #333333;\">Es tracta d&#8217;un espai molt ben acollit pels nostres residents i que, com ells mateixos expliquen,\u00a0dona\u00a0un sentit especial a les seves vides:<\/span>[\/vc_column_text][\/vc_column][\/vc_row][vc_row css_animation=&#8221;&#8221; row_type=&#8221;row&#8221; use_row_as_full_screen_section=&#8221;no&#8221; type=&#8221;grid&#8221; angled_section=&#8221;no&#8221; text_align=&#8221;left&#8221; background_image_as_pattern=&#8221;without_pattern&#8221; z_index=&#8221;&#8221;][vc_column][vc_empty_space height=&#8221;32&#8243;][vc_column_text]<\/p>\n<h2 style=\"text-align: center;\"><span style=\"color: #333333;\"><strong>TESTIMONIS<\/strong><\/span><\/h2>\n<p>[\/vc_column_text][\/vc_column][\/vc_row][vc_row css_animation=&#8221;&#8221; row_type=&#8221;row&#8221; use_row_as_full_screen_section=&#8221;no&#8221; type=&#8221;grid&#8221; angled_section=&#8221;no&#8221; text_align=&#8221;left&#8221; background_image_as_pattern=&#8221;without_pattern&#8221; z_index=&#8221;&#8221;][vc_column width=&#8221;1\/3&#8243;]<div class='q_icon_with_title large normal_icon center '><div class=\"icon_holder \" style=\" \"><span data-icon-type=\"normal\"   style=\"\" class=\"qode_iwt_icon_holder q_font_awsome_icon fa-4x  \"><i class=\"qode_icon_font_awesome fa  qode_iwt_icon_element\" style=\"\" ><\/i><\/span><\/div><div class=\"icon_text_holder\" style=\"\"><div class=\"icon_text_inner\" style=\"\"><h5 class=\"icon_title\" style=\"color: #58595b;\">Casimira R<\/h5><div class=\"separator small left\" style=\"height: 2px;background-color: #ffc107;width: 20px;margin-bottom: 15px;\"><\/div><p style='color: #58595b'>Tornar a baixar i veure tot aix\u00f2 m'omple for\u00e7a, \u00e9s el que m'agrada i estic acostumada i ajudo a cuidar les plantes, per mi \u00e9s mitja vida prendre l'aire i gaudir de les plantes i l'aire lliure.<\/p><\/div><\/div><\/div>[vc_empty_space height=&#8221;10px&#8221;][\/vc_column][vc_column width=&#8221;1\/3&#8243;]<div class='q_icon_with_title large normal_icon center '><div class=\"icon_holder \" style=\" \"><span data-icon-type=\"normal\"   style=\"\" class=\"qode_iwt_icon_holder q_font_awsome_icon fa-4x  \"><i class=\"qode_icon_font_awesome fa  qode_iwt_icon_element\" style=\"\" ><\/i><\/span><\/div><div class=\"icon_text_holder\" style=\"\"><div class=\"icon_text_inner\" style=\"\"><h5 class=\"icon_title\" style=\"color: #58595b;\">Asunci\u00f3n S<\/h5><div class=\"separator small left\" style=\"height: 2px;background-color: #ffc107;width: 20px;margin-bottom: 15px;\"><\/div><p style='color: #58595b'>El sol, estar fora, m'encanta, les plantes m'encanten, em trobo alliberada, com si estigu\u00e9s en un altre lloc.<\/p><\/div><\/div><\/div>[vc_empty_space height=&#8221;10px&#8221;][\/vc_column][vc_column width=&#8221;1\/3&#8243;]<div class='q_icon_with_title large normal_icon center '><div class=\"icon_holder \" style=\" \"><span data-icon-type=\"normal\"   style=\"\" class=\"qode_iwt_icon_holder q_font_awsome_icon fa-4x  \"><i class=\"qode_icon_font_awesome fa  qode_iwt_icon_element\" style=\"\" ><\/i><\/span><\/div><div class=\"icon_text_holder\" style=\"\"><div class=\"icon_text_inner\" style=\"\"><h5 class=\"icon_title\" style=\"color: #58595b;\">Asunci\u00f3n S<\/h5><div class=\"separator small left\" style=\"height: 2px;background-color: #ffc107;width: 20px;margin-bottom: 15px;\"><\/div><p style='color: #58595b'>Ho he viscut de tota la vida al poble i en veure'l aqu\u00ed em dona alegria.<\/p><\/div><\/div><\/div>[\/vc_column][\/vc_row][vc_row css_animation=&#8221;&#8221; row_type=&#8221;row&#8221; use_row_as_full_screen_section=&#8221;no&#8221; type=&#8221;grid&#8221; angled_section=&#8221;no&#8221; text_align=&#8221;left&#8221; background_image_as_pattern=&#8221;without_pattern&#8221; z_index=&#8221;&#8221;][vc_column][vc_empty_space height=&#8221;50&#8243;][\/vc_column][\/vc_row][vc_row css_animation=&#8221;&#8221; row_type=&#8221;row&#8221; use_row_as_full_screen_section=&#8221;no&#8221; type=&#8221;full_width&#8221; angled_section=&#8221;no&#8221; text_align=&#8221;left&#8221; background_image_as_pattern=&#8221;without_pattern&#8221; css=&#8221;.vc_custom_1633171763372{background-color: #58595b !important;}&#8221; z_index=&#8221;&#8221;][vc_column][vc_empty_space height=&#8221;50px&#8221;][vc_column_text]<\/p>\n<h2 style=\"text-align: center;\"><span style=\"color: #ffffff;\">Altres activitats que realitzem<\/span><\/h2>\n<p>[\/vc_column_text][vc_empty_space height=&#8221;50px&#8221;][\/vc_column][\/vc_row][vc_row css_animation=&#8221;element_from_bottom&#8221; row_type=&#8221;row&#8221; use_row_as_full_screen_section=&#8221;no&#8221; type=&#8221;grid&#8221; angled_section=&#8221;no&#8221; text_align=&#8221;left&#8221; background_image_as_pattern=&#8221;without_pattern&#8221; z_index=&#8221;&#8221; css=&#8221;.vc_custom_1633172341406{background-color: #58595b !important;}&#8221;][vc_column width=&#8221;1\/5&#8243;]<div class=\"q_icon_list\"><i class=\"qode_icon_font_awesome fa fa-check qode-ili-icon-holder transparent\" style=\"color: #ffffff;\" ><\/i><p style=\"color:#ffffff;\">Psicomotricitat<\/p><\/div>[\/vc_column][vc_column width=&#8221;1\/5&#8243;]<div class=\"q_icon_list\"><i class=\"qode_icon_font_awesome fa fa-check qode-ili-icon-holder transparent\" style=\"color: #ffffff;\" ><\/i><p style=\"color:#ffffff;\">Estimulaci\u00f3 cognitiva<\/p><\/div>[\/vc_column][vc_column width=&#8221;1\/5&#8243;]<div class=\"q_icon_list\"><i class=\"qode_icon_font_awesome fa fa-check qode-ili-icon-holder transparent\" style=\"color: #ffffff;\" ><\/i><p style=\"color:#ffffff;\">Tallers de mem\u00f2ria<\/p><\/div>[\/vc_column][vc_column width=&#8221;1\/5&#8243;]<div class=\"q_icon_list\"><i class=\"qode_icon_font_awesome fa fa-check qode-ili-icon-holder transparent\" style=\"color: #ffffff;\" ><\/i><p style=\"color:#ffffff;\">Tallers d'hist\u00f2ria de vida<\/p><\/div>[\/vc_column][vc_column width=&#8221;1\/5&#8243;]<div class=\"q_icon_list\"><i class=\"qode_icon_font_awesome fa fa-check qode-ili-icon-holder transparent\" style=\"color: #ffffff;\" ><\/i><p style=\"color:#ffffff;\">Laborter\u00e0pia<\/p><\/div>[\/vc_column][\/vc_row][vc_row css_animation=&#8221;element_from_bottom&#8221; row_type=&#8221;row&#8221; use_row_as_full_screen_section=&#8221;no&#8221; type=&#8221;grid&#8221; angled_section=&#8221;no&#8221; text_align=&#8221;left&#8221; background_image_as_pattern=&#8221;without_pattern&#8221; z_index=&#8221;&#8221; css=&#8221;.vc_custom_1633172349470{background-color: #58595b !important;}&#8221;][vc_column width=&#8221;1\/5&#8243;]<div class=\"q_icon_list\"><i class=\"qode_icon_font_awesome fa fa-check qode-ili-icon-holder transparent\" style=\"color: #ffffff;\" ><\/i><p style=\"color:#ffffff;\">Musicoter\u00e0pia<\/p><\/div>[\/vc_column][vc_column width=&#8221;1\/5&#8243;]<div class=\"q_icon_list\"><i class=\"qode_icon_font_awesome fa fa-check qode-ili-icon-holder transparent\" style=\"color: #ffffff;\" ><\/i><p style=\"color:#ffffff;\">Lectoescriptura<\/p><\/div>[\/vc_column][vc_column width=&#8221;1\/5&#8243;]<div class=\"q_icon_list\"><i class=\"qode_icon_font_awesome fa fa-check qode-ili-icon-holder transparent\" style=\"color: #ffffff;\" ><\/i><p style=\"color:#ffffff;\">Art-ter\u00e0pia<\/p><\/div>[\/vc_column][vc_column width=&#8221;1\/5&#8243;]<div class=\"q_icon_list\"><i class=\"qode_icon_font_awesome fa fa-check qode-ili-icon-holder transparent\" style=\"color: #ffffff;\" ><\/i><p style=\"color:#ffffff;\">Cuina i reposteria<\/p><\/div>[\/vc_column][vc_column width=&#8221;1\/5&#8243;]<div class=\"q_icon_list\"><i class=\"qode_icon_font_awesome fa fa-check qode-ili-icon-holder transparent\" style=\"color: #ffffff;\" ><\/i><p style=\"color:#ffffff;\">Assessorament al entorn familiar<\/p><\/div>[\/vc_column][\/vc_row][vc_row css_animation=&#8221;element_from_bottom&#8221; row_type=&#8221;row&#8221; use_row_as_full_screen_section=&#8221;no&#8221; type=&#8221;grid&#8221; angled_section=&#8221;no&#8221; text_align=&#8221;left&#8221; background_image_as_pattern=&#8221;without_pattern&#8221; z_index=&#8221;&#8221; css=&#8221;.vc_custom_1633172357210{background-color: #58595b !important;}&#8221;][vc_column width=&#8221;1\/5&#8243;]<div class=\"q_icon_list\"><i class=\"qode_icon_font_awesome fa fa-check qode-ili-icon-holder transparent\" style=\"color: #ffffff;\" ><\/i><p style=\"color:#ffffff;\">Tallers de reminisc\u00e8ncia<\/p><\/div>[\/vc_column][vc_column width=&#8221;1\/5&#8243;]<div class=\"q_icon_list\"><i class=\"qode_icon_font_awesome fa fa-check qode-ili-icon-holder transparent\" style=\"color: #ffffff;\" ><\/i><p style=\"color:#ffffff;\">Activitats i jocs l\u00fadics<\/p><\/div>[\/vc_column][vc_column width=&#8221;1\/5&#8243;]<div class=\"q_icon_list\"><i class=\"qode_icon_font_awesome fa fa-check qode-ili-icon-holder transparent\" style=\"color: #ffffff;\" ><\/i><p style=\"color:#ffffff;\">Risoter\u00e0pia<\/p><\/div>[\/vc_column][vc_column width=&#8221;1\/5&#8243;]<div class=\"q_icon_list\"><i class=\"qode_icon_font_awesome fa fa-check qode-ili-icon-holder transparent\" style=\"color: #ffffff;\" ><\/i><p style=\"color:#ffffff;\">Ter\u00e0pia amb animals<\/p><\/div>[\/vc_column][vc_column width=&#8221;1\/5&#8243;]<div class=\"q_icon_list\"><i class=\"qode_icon_font_awesome fa fa-check qode-ili-icon-holder transparent\" style=\"color: #ffffff;\" ><\/i><p style=\"color:#ffffff;\">Hort terap\u00e8utic<\/p><\/div>[\/vc_column][\/vc_row][vc_row css_animation=&#8221;element_from_bottom&#8221; row_type=&#8221;row&#8221; use_row_as_full_screen_section=&#8221;no&#8221; type=&#8221;grid&#8221; angled_section=&#8221;no&#8221; text_align=&#8221;left&#8221; background_image_as_pattern=&#8221;without_pattern&#8221; z_index=&#8221;&#8221; css=&#8221;.vc_custom_1633172357210{background-color: #58595b !important;}&#8221;][vc_column width=&#8221;1\/5&#8243;]<div class=\"q_icon_list\"><i class=\"qode_icon_font_awesome fa fa-check qode-ili-icon-holder transparent\" style=\"color: #ffffff;\" ><\/i><p style=\"color:#ffffff;\">Hidroter\u00e0pia<\/p><\/div>[\/vc_column][vc_column width=&#8221;1\/5&#8243;]<div class=\"q_icon_list\"><i class=\"qode_icon_font_awesome fa fa-check qode-ili-icon-holder transparent\" style=\"color: #ffffff;\" ><\/i><p style=\"color:#ffffff;\">Jornades gastron\u00f2miques regionals<\/p><\/div>[\/vc_column][vc_column width=&#8221;1\/5&#8243;]<div class=\"q_icon_list\"><i class=\"qode_icon_font_awesome fa fa-check qode-ili-icon-holder transparent\" style=\"color: #ffffff;\" ><\/i><p style=\"color:#ffffff;\">Sortides i excursions<\/p><\/div>[\/vc_column][vc_column width=&#8221;1\/5&#8243;]<div class=\"q_icon_list\"><i class=\"qode_icon_font_awesome fa fa-check qode-ili-icon-holder transparent\" style=\"color: #ffffff;\" ><\/i><p style=\"color:#ffffff;\">Sortides a exposicions d'art<\/p><\/div>[\/vc_column][vc_column width=&#8221;1\/5&#8243;]<div class=\"q_icon_list\"><i class=\"qode_icon_font_awesome fa fa-check qode-ili-icon-holder transparent\" style=\"color: #ffffff;\" ><\/i><p style=\"color:#ffffff;\">Petanca<\/p><\/div>[\/vc_column][\/vc_row][vc_row css_animation=&#8221;&#8221; row_type=&#8221;row&#8221; use_row_as_full_screen_section=&#8221;no&#8221; type=&#8221;grid&#8221; angled_section=&#8221;no&#8221; text_align=&#8221;left&#8221; background_image_as_pattern=&#8221;without_pattern&#8221; z_index=&#8221;&#8221;][vc_column][vc_empty_space height=&#8221;50&#8243;][\/vc_column][\/vc_row][vc_row css_animation=&#8221;&#8221; row_type=&#8221;row&#8221; use_row_as_full_screen_section=&#8221;no&#8221; type=&#8221;grid&#8221; angled_section=&#8221;no&#8221; text_align=&#8221;left&#8221; background_image_as_pattern=&#8221;without_pattern&#8221; z_index=&#8221;&#8221;][vc_column width=&#8221;1\/2&#8243;][vc_single_image image=&#8221;1996&#8243; img_size=&#8221;530X590&#8243; qode_css_animation=&#8221;&#8221; qode_hover_animation=&#8221;bottom_title&#8221;][vc_empty_space height=&#8221;10&#8243;][\/vc_column][vc_column width=&#8221;1\/2&#8243;][vc_single_image image=&#8221;1931&#8243; img_size=&#8221;530&#215;290&#8243; qode_css_animation=&#8221;&#8221; qode_hover_animation=&#8221;bottom_title&#8221;][vc_empty_space height=&#8221;10&#8243;][vc_single_image image=&#8221;1928&#8243; img_size=&#8221;530&#215;290&#8243; qode_css_animation=&#8221;&#8221; qode_hover_animation=&#8221;bottom_title&#8221;][vc_empty_space height=&#8221;10&#8243;][\/vc_column][\/vc_row][vc_row css_animation=&#8221;&#8221; row_type=&#8221;row&#8221; use_row_as_full_screen_section=&#8221;no&#8221; type=&#8221;full_width&#8221; angled_section=&#8221;no&#8221; text_align=&#8221;center&#8221; background_image_as_pattern=&#8221;without_pattern&#8221; z_index=&#8221;&#8221;][vc_column][vc_empty_space height=&#8221;50&#8243;]<a  itemprop=\"url\" href=\"https:\/\/eixample-elprat.residenciaslatorreta.com\/galeria\/\" target=\"_self\" data-hover-background-color='#628dc3' data-hover-border-color='#628dc3' data-hover-color='#ffffff' class=\"qbutton  medium center default\" style=\"color: #ffffff; border-color: #006799; background-color: #006799;\">Veure galeria<span aria-hidden=\"true\" class=\"qode_icon_font_elegant arrow_carrot-2right qode_button_icon_element\" style=\"color: #ffffff;\" ><\/span><\/a>[vc_empty_space height=&#8221;50&#8243;][\/vc_column][\/vc_row]<\/p>\n<\/div>","protected":false},"excerpt":{"rendered":"<p>[vc_row css_animation=&#8221;element_from_bottom&#8221; row_type=&#8221;row&#8221; use_row_as_full_screen_section=&#8221;no&#8221; type=&#8221;full_width&#8221; angled_section=&#8221;no&#8221; text_align=&#8221;left&#8221; background_image_as_pattern=&#8221;without_pattern&#8221; css=&#8221;.vc_custom_1633510392534{background-color: #58595b !important;}&#8221; z_index=&#8221;&#8221;][vc_column][vc_empty_space height=&#8221;50&#8243;][vc_column_text] Activitats [\/vc_column_text][vc_empty_space height=&#8221;50&#8243;][\/vc_column][\/vc_row][vc_row css_animation=&#8221;&#8221; row_type=&#8221;row&#8221; use_row_as_full_screen_section=&#8221;no&#8221; type=&#8221;grid&#8221; angled_section=&#8221;no&#8221; text_align=&#8221;left&#8221; background_image_as_pattern=&#8221;without_pattern&#8221; z_index=&#8221;&#8221;][vc_column][vc_empty_space height=&#8221;50&#8243;][\/vc_column][\/vc_row][vc_row css_animation=&#8221;&#8221; row_type=&#8221;row&#8221; use_row_as_full_screen_section=&#8221;no&#8221; type=&#8221;grid&#8221; angled_section=&#8221;no&#8221; text_align=&#8221;left&#8221; background_image_as_pattern=&#8221;without_pattern&#8221; z_index=&#8221;&#8221;][vc_column width=&#8221;1\/2&#8243;][vc_single_image image=&#8221;1933&#8243; img_size=&#8221;530&#215;290&#8243; qode_css_animation=&#8221;&#8221; qode_hover_animation=&#8221;bottom_title&#8221;][vc_empty_space height=&#8221;10&#8243;][vc_single_image image=&#8221;1932&#8243; img_size=&#8221;530&#215;290&#8243; qode_css_animation=&#8221;&#8221; qode_hover_animation=&#8221;bottom_title&#8221;][vc_empty_space height=&#8221;10&#8243;][\/vc_column][vc_column width=&#8221;1\/2&#8243;][vc_single_image&#8230;<\/p>\n","protected":false},"author":2,"featured_media":0,"parent":0,"menu_order":0,"comment_status":"closed","ping_status":"closed","template":"full_width.php","meta":{"footnotes":""},"yst_prominent_words":[],"class_list":["post-1927","page","type-page","status-publish","hentry"],"_links":{"self":[{"href":"https:\/\/eixample-elprat.residenciaslatorreta.com\/ca\/wp-json\/wp\/v2\/pages\/1927","targetHints":{"allow":["GET"]}}],"collection":[{"href":"https:\/\/eixample-elprat.residenciaslatorreta.com\/ca\/wp-json\/wp\/v2\/pages"}],"about":[{"href":"https:\/\/eixample-elprat.residenciaslatorreta.com\/ca\/wp-json\/wp\/v2\/types\/page"}],"author":[{"embeddable":true,"href":"https:\/\/eixample-elprat.residenciaslatorreta.com\/ca\/wp-json\/wp\/v2\/users\/2"}],"replies":[{"embeddable":true,"href":"https:\/\/eixample-elprat.residenciaslatorreta.com\/ca\/wp-json\/wp\/v2\/comments?post=1927"}],"version-history":[{"count":8,"href":"https:\/\/eixample-elprat.residenciaslatorreta.com\/ca\/wp-json\/wp\/v2\/pages\/1927\/revisions"}],"predecessor-version":[{"id":2098,"href":"https:\/\/eixample-elprat.residenciaslatorreta.com\/ca\/wp-json\/wp\/v2\/pages\/1927\/revisions\/2098"}],"wp:attachment":[{"href":"https:\/\/eixample-elprat.residenciaslatorreta.com\/ca\/wp-json\/wp\/v2\/media?parent=1927"}],"wp:term":[{"taxonomy":"yst_prominent_words","embeddable":true,"href":"https:\/\/eixample-elprat.residenciaslatorreta.com\/ca\/wp-json\/wp\/v2\/yst_prominent_words?post=1927"}],"curies":[{"name":"wp","href":"https:\/\/api.w.org\/{rel}","templated":true}]}}