{"id":2186,"date":"2023-11-27T10:40:56","date_gmt":"2023-11-27T10:40:56","guid":{"rendered":"https:\/\/eixample-elprat.residenciaslatorreta.com\/canal-de-denuncias\/"},"modified":"2023-11-27T16:06:58","modified_gmt":"2023-11-27T16:06:58","slug":"canal-de-denuncies","status":"publish","type":"page","link":"https:\/\/eixample-elprat.residenciaslatorreta.com\/ca\/canal-de-denuncies\/","title":{"rendered":"Canal de den\u00fancies"},"content":{"rendered":"<div class=\"wpb-content-wrapper\"><p>[vc_row css_animation=&#8221;&#8221; row_type=&#8221;row&#8221; use_row_as_full_screen_section=&#8221;no&#8221; type=&#8221;full_width&#8221; angled_section=&#8221;no&#8221; text_align=&#8221;left&#8221; background_image_as_pattern=&#8221;without_pattern&#8221;][vc_column][vc_column_text]El canal de den\u00fancies de RESID\u00c8NCIA EIXAMPLE EL PRAT S.L. us permet informar r\u00e0pidament i f\u00e0cilment de qualsevol conducta o situaci\u00f3 que violi les lleis o reglaments aplicables, conforme a la Llei 2\/2023, de 20 de febrer reguladora de la protecci\u00f3 de les persones que informin sobre infraccions normatives i de lluita contra la corrupci\u00f3<\/p>\n<p>No s&#8217;ha d&#8217;utilitzar per fer falses acusacions contra altres, i en general no s&#8217;ha de comunicar informaci\u00f3 deliberadament falsa.<\/p>\n<p>Totes les comunicacions fetes mitjan\u00e7ant aquest canal seran confidencials i podran ser an\u00f2nimes at\u00e8s que l&#8217;eina inform\u00e0tica de seguretat utilitzada garanteix l&#8217;anonimat.<\/p>\n<p>El remitent ser\u00e0 protegit davant de qualsevol intent de repres\u00e0lia. A m\u00e9s, a les comunicacions se&#8217;ls podr\u00e0 adjuntar la documentaci\u00f3 que es consideri oportuna.<\/p>\n<p>El canal garanteix la integritat en la tra\u00e7abilitat de la gesti\u00f3 de la den\u00fancia i\/o consulta des de la seva entrada fins a la resoluci\u00f3.<\/p>\n<p>La persona que fa la comunicaci\u00f3 t\u00e9 la plena garantia de l&#8217;anonimat a l&#8217;entorn digital si opta per fer la comunicaci\u00f3 de manera an\u00f2nima.<\/p>\n<p>Per enviar una den\u00fancia, feu clic a &#8220;Fer una den\u00fancia&#8221; m\u00e9s avall.<\/p>\n<p>Nota: Aquest canal de den\u00fancia \u00e9s un sistema de den\u00fancia protegit, allotjat a servidors externs segurs que no formen part de les webs o intranets de RESID\u00c8NCIA EIXAMPLE EL PRAT S.L.<\/p>\n<p><a href=\"https:\/\/latorreta.whistle.qmpliance.io\/\">Realitzar una den\u00fancia<\/a><\/p>\n<p>[\/vc_column_text][\/vc_column][\/vc_row]<\/p>\n<\/div>","protected":false},"excerpt":{"rendered":"<p>[vc_row css_animation=&#8221;&#8221; row_type=&#8221;row&#8221; use_row_as_full_screen_section=&#8221;no&#8221; type=&#8221;full_width&#8221; angled_section=&#8221;no&#8221; text_align=&#8221;left&#8221; background_image_as_pattern=&#8221;without_pattern&#8221;][vc_column][vc_column_text]El canal de den\u00fancies de RESID\u00c8NCIA EIXAMPLE EL PRAT S.L. us permet informar r\u00e0pidament i f\u00e0cilment de qualsevol conducta o situaci\u00f3 que violi les lleis o reglaments aplicables, conforme a la Llei 2\/2023, de 20 de febrer reguladora&#8230;<\/p>\n","protected":false},"author":2,"featured_media":0,"parent":0,"menu_order":0,"comment_status":"closed","ping_status":"closed","template":"","meta":{"footnotes":""},"yst_prominent_words":[],"class_list":["post-2186","page","type-page","status-publish","hentry"],"_links":{"self":[{"href":"https:\/\/eixample-elprat.residenciaslatorreta.com\/ca\/wp-json\/wp\/v2\/pages\/2186","targetHints":{"allow":["GET"]}}],"collection":[{"href":"https:\/\/eixample-elprat.residenciaslatorreta.com\/ca\/wp-json\/wp\/v2\/pages"}],"about":[{"href":"https:\/\/eixample-elprat.residenciaslatorreta.com\/ca\/wp-json\/wp\/v2\/types\/page"}],"author":[{"embeddable":true,"href":"https:\/\/eixample-elprat.residenciaslatorreta.com\/ca\/wp-json\/wp\/v2\/users\/2"}],"replies":[{"embeddable":true,"href":"https:\/\/eixample-elprat.residenciaslatorreta.com\/ca\/wp-json\/wp\/v2\/comments?post=2186"}],"version-history":[{"count":2,"href":"https:\/\/eixample-elprat.residenciaslatorreta.com\/ca\/wp-json\/wp\/v2\/pages\/2186\/revisions"}],"predecessor-version":[{"id":2188,"href":"https:\/\/eixample-elprat.residenciaslatorreta.com\/ca\/wp-json\/wp\/v2\/pages\/2186\/revisions\/2188"}],"wp:attachment":[{"href":"https:\/\/eixample-elprat.residenciaslatorreta.com\/ca\/wp-json\/wp\/v2\/media?parent=2186"}],"wp:term":[{"taxonomy":"yst_prominent_words","embeddable":true,"href":"https:\/\/eixample-elprat.residenciaslatorreta.com\/ca\/wp-json\/wp\/v2\/yst_prominent_words?post=2186"}],"curies":[{"name":"wp","href":"https:\/\/api.w.org\/{rel}","templated":true}]}}