{"id":2358,"date":"2025-05-16T13:14:04","date_gmt":"2025-05-16T13:14:04","guid":{"rendered":"https:\/\/eixample-elprat.residenciaslatorreta.com\/testimonios\/"},"modified":"2025-05-30T08:32:47","modified_gmt":"2025-05-30T08:32:47","slug":"testimonios","status":"publish","type":"page","link":"https:\/\/eixample-elprat.residenciaslatorreta.com\/ca\/testimonios\/","title":{"rendered":"Testimonis"},"content":{"rendered":"<div class=\"wpb-content-wrapper\"><p>[vc_row css_animation=&#8221;element_from_bottom&#8221; row_type=&#8221;row&#8221; use_row_as_full_screen_section=&#8221;no&#8221; type=&#8221;full_width&#8221; angled_section=&#8221;no&#8221; text_align=&#8221;left&#8221; background_image_as_pattern=&#8221;without_pattern&#8221; css=&#8221;.vc_custom_1747401180591{background-color: #58595b !important;}&#8221; z_index=&#8221;&#8221;][vc_column][vc_empty_space height=&#8221;50&#8243;][vc_column_text]<\/p>\n<h1 style=\"text-align: center;\"><span style=\"color: #ffffff;\">Testimonis 5\u00e8 aniversari\u00a0<\/span><\/h1>\n<p>[\/vc_column_text][vc_empty_space height=&#8221;50&#8243;][\/vc_column][\/vc_row][vc_row css_animation=&#8221;&#8221; row_type=&#8221;row&#8221; use_row_as_full_screen_section=&#8221;no&#8221; type=&#8221;grid&#8221; angled_section=&#8221;no&#8221; text_align=&#8221;left&#8221; background_image_as_pattern=&#8221;without_pattern&#8221; z_index=&#8221;&#8221;][vc_column][vc_empty_space height=&#8221;50&#8243;][vc_column_text]<span style=\"color: #333333;\">El 14 de gener de 2020 obr\u00edem amb il\u00b7lusi\u00f3 el nostre nou centre de<\/span> <strong><span style=\"color: #006799;\">La Torreta<\/span><\/strong> <span style=\"color: #333333;\">al barri Eixample Sud del Prat de Llobregat, m\u00e9s gran i modern, amb l\u2019experi\u00e8ncia de m\u00e9s de 20 anys al Prat.<\/span><\/p>\n<p>&nbsp;<\/p>\n<p><span style=\"color: #333333;\">Ja han passat cinc anys des de la inauguraci\u00f3 de la resid\u00e8ncia<\/span> <strong><span style=\"color: #006799;\">La Torreta<\/span> <span style=\"color: #8fd179;\">Eixample El Prat<\/span><\/strong><span style=\"color: #333333;\">. Per celebrar-ho hem recollit els testimonis dels familiars dels primers residents per retre un homenatge a la seva confian\u00e7a i suport durant aquest cam\u00ed plegats. Gr\u00e0cies per formar amb nosaltres una nova llar, una nova fam\u00edlia.<\/span>[\/vc_column_text][vc_empty_space height=&#8221;50&#8243;][\/vc_column][\/vc_row][vc_row css_animation=&#8221;&#8221; row_type=&#8221;row&#8221; use_row_as_full_screen_section=&#8221;no&#8221; type=&#8221;full_width&#8221; angled_section=&#8221;no&#8221; text_align=&#8221;left&#8221; background_image_as_pattern=&#8221;without_pattern&#8221; css=&#8221;.vc_custom_1747401849804{background-color: #006799 !important;}&#8221; z_index=&#8221;&#8221;][vc_column][vc_empty_space height=&#8221;60&#8243;][vc_column_text]<\/p>\n<h2 style=\"text-align: center;\"><span style=\"color: #ffffff;\">La confian\u00e7a que ens uneix<\/span><\/h2>\n<p>[\/vc_column_text][vc_empty_space height=&#8221;60&#8243;][\/vc_column][\/vc_row][vc_row css_animation=&#8221;element_from_fade&#8221; row_type=&#8221;row&#8221; use_row_as_full_screen_section=&#8221;no&#8221; type=&#8221;grid&#8221; angled_section=&#8221;no&#8221; text_align=&#8221;left&#8221; background_image_as_pattern=&#8221;without_pattern&#8221; z_index=&#8221;&#8221;][vc_column width=&#8221;1\/3&#8243;][vc_empty_space height=&#8221;50&#8243;][vc_column_text]<span style=\"color: #333333;\"><span style=\"color: #006799;\"><strong>C\u00e0<span style=\"color: #006799;\">psula 1<\/span><\/strong><\/span> <strong>Rosario, filla de l\u2019Ana, resident<\/strong><\/span>[\/vc_column_text][vc_empty_space height=&#8221;15&#8243;][vc_video link=&#8221;https:\/\/vimeo.com\/1083460394\/5d04f48407&#8243; align=&#8221;center&#8221;][vc_empty_space height=&#8221;10&#8243;][vc_column_text]<span style=\"color: #333333;\">&#8220;El problema que va comen\u00e7ar a tenir la meva mare amb l\u2019Alzheimer era quedar-se sola. Aqu\u00ed ha creat el seu m\u00f3n i el seu cercle de confian\u00e7a.<\/span><\/p>\n<p><span style=\"color: #333333;\">Per la nostra feina no pod\u00edem estar amb ella tot el temps i hav\u00edem de contractar molta gent diferent i en diferents horaris.<\/span><\/p>\n<p><span style=\"color: #333333;\">\u00c9s el centre on vol\u00edem tenir-la, al centre de les fam\u00edlies, sempre a prop.&#8221;<\/span>[\/vc_column_text][vc_empty_space height=&#8221;32&#8243;][\/vc_column][vc_column width=&#8221;1\/3&#8243;][vc_empty_space height=&#8221;50&#8243;][vc_column_text]<span style=\"color: #333333;\"><span style=\"color: #006799;\"><strong>C\u00e0psula 2<\/strong> <span style=\"color: #333333;\"><strong>Juanjo, fill de la Raimunda, resident, i la seva jove<\/strong><\/span><\/span><\/span>[\/vc_column_text][vc_empty_space height=&#8221;15&#8243;][vc_video link=&#8221;https:\/\/vimeo.com\/1085990298\/b754811fba&#8221; align=&#8221;center&#8221;][vc_empty_space height=&#8221;10&#8243;][vc_column_text]<span style=\"color: #333333;\">&#8220;La resid\u00e8ncia \u00e9s casa seva i el personal forma part de la seva fam\u00edlia.<\/span><\/p>\n<p><span style=\"color: #333333;\">Valoro la connexi\u00f3 i l\u2019empatia que teniu amb ells. La connexi\u00f3 directa i di\u00e0ria amb vosaltres.&#8221;<\/span>[\/vc_column_text][vc_empty_space height=&#8221;32&#8243;][\/vc_column][vc_column width=&#8221;1\/3&#8243;][vc_empty_space height=&#8221;50&#8243;][vc_column_text]<span style=\"color: #333333;\"><span style=\"color: #006799;\"><strong>C\u00e0psula 3<\/strong><\/span> <strong>Car<span style=\"color: #333333;\">men, filla de la<\/span> M.\u00aa Dolores, que va ser resident<\/strong><\/span>[\/vc_column_text][vc_empty_space height=&#8221;15&#8243;][vc_video link=&#8221;https:\/\/vimeo.com\/1085992940\/63dedb1d9e&#8221; align=&#8221;center&#8221;][vc_empty_space height=&#8221;10&#8243;][vc_column_text]<span style=\"color: #333333;\">&#8220;La meva mare venia del sociosanitari i all\u00e0 era incapa\u00e7 de caminar amb caminador i agafar la cullera per menjar. Als pocs dies d\u2019estar aqu\u00ed caminava amb caminador i fins i tot menjava sola.<\/span><\/p>\n<p><span style=\"color: #333333;\">Va ser una de les primeres en venir. Quan la COVID f\u00e8ieu l\u2019impossible perqu\u00e8 pogu\u00e9ssim tenir contacte amb ells, encara que fos a dist\u00e0ncia de dues taules, fins i tot f\u00e8ieu videotrucades.&#8221;<\/span>[\/vc_column_text][vc_empty_space height=&#8221;32&#8243;][\/vc_column][\/vc_row][vc_row css_animation=&#8221;element_from_fade&#8221; row_type=&#8221;row&#8221; use_row_as_full_screen_section=&#8221;no&#8221; type=&#8221;grid&#8221; angled_section=&#8221;no&#8221; text_align=&#8221;left&#8221; background_image_as_pattern=&#8221;without_pattern&#8221; z_index=&#8221;&#8221;][vc_column width=&#8221;1\/3&#8243;][vc_column_text]<span style=\"color: #333333;\"><span style=\"color: #006799;\"><strong>C\u00e0psula 4<\/strong><\/span> <strong>Merced<span style=\"color: #333333;\">es, filla del Pedro, resident<\/span><\/strong><\/span>[\/vc_column_text][vc_empty_space height=&#8221;15&#8243;][vc_video link=&#8221;https:\/\/vimeo.com\/1085994930\/c92423485b&#8221; align=&#8221;center&#8221;][vc_empty_space height=&#8221;10&#8243;][vc_column_text]<span style=\"color: #333333;\">&#8220;Moments especials que recordo s\u00f3n la interacci\u00f3 del meu pare amb l \u00b4hort. Encara que ell hagi crescut en un poble, no \u00e9s de camp, per\u00f2 per ell s\u00f3n coses que li recorden el passat com recon\u00e8ixer uns tom\u00e0quets, unes bledes&#8230;<\/span><\/p>\n<p><span style=\"color: #333333;\">La ubicaci\u00f3 de la resid\u00e8ncia \u00e9s magn\u00edfica per a tot, podem sortir al parc, passejar de seguida pel centre de la ciutat.&#8221;<\/span>[\/vc_column_text][vc_empty_space height=&#8221;32&#8243;][\/vc_column][vc_column width=&#8221;1\/3&#8243;][vc_column_text]<span style=\"color: #006799;\"><strong>C\u00e0psula 5<\/strong><\/span> <span style=\"color: #333333;\"><strong>Candelaria, resident, i els seus fills Juan Jos\u00e9 i Sen\u00e9n<\/strong><\/span>[\/vc_column_text][vc_empty_space height=&#8221;15&#8243;][vc_video link=&#8221;https:\/\/vimeo.com\/1085999201\/a7502cc57a&#8221; align=&#8221;center&#8221;][vc_empty_space height=&#8221;10&#8243;][vc_column_text]<span style=\"color: #333333;\">&#8220;La meva mare va tenir un accident cerebrovascular que va generar un problema molt seri\u00f3s cognitiu relacionat amb la parla\u2026 veiem que va evolucionant i recuperant a poc a poc aquesta coher\u00e8ncia entre el que intenta dir i el que explica que era dif\u00edcil.<\/span><\/p>\n<p><span style=\"color: #333333;\">La veig feli\u00e7, tranquil\u00b7la i que no li manca de res perqu\u00e8 aix\u00f2 s\u00f3n coses que es veuen.&#8221;<\/span>[\/vc_column_text][vc_empty_space height=&#8221;32&#8243;][\/vc_column][vc_column width=&#8221;1\/3&#8243;][vc_column_text]<span style=\"color: #006799;\"><strong>C\u00e0psula 6<\/strong><\/span> <span style=\"color: #333333;\"><strong>Sara i Celia, filles de l\u2019Elvira, Ana, germana del Juan i Carmen, dona del Pepe, que van ser residents<\/strong><\/span>[\/vc_column_text][vc_empty_space height=&#8221;15&#8243;][vc_video link=&#8221;https:\/\/vimeo.com\/1086000143\/75bb0aa608&#8243; align=&#8221;center&#8221;][vc_empty_space height=&#8221;10&#8243;][vc_column_text]<span style=\"color: #333333;\"><strong>Sara:<\/strong> La veritat \u00e9s que la resid\u00e8ncia \u00e9s com una Torreta amb una gran fam\u00edlia i ens hem sentit molt acollides per tothom. Estic amb una pau i una tranquil\u00b7litat que nom\u00e9s puc donar les gr\u00e0cies.<\/span><\/p>\n<p><span style=\"color: #333333;\"><strong>Ana:<\/strong> \u00c9s com una gran fam\u00edlia i la fam\u00edlia la feu vosaltres amb una base que \u00e9s el que compta i que creix.<\/span><\/p>\n<p><span style=\"color: #333333;\"><strong>Carmen:<\/strong> El poder donar un cop de m\u00e0 amb els residents, fer amistats i riure amb ells, \u00e9s tot un conjunt de coses. Jo estic molt contenta i ho recomano a tothom.<\/span><\/p>\n<p><span style=\"color: #333333;\"><strong>Celia:<\/strong> Un equip immillorable, ens sent\u00edem com a casa si ven\u00edem i v\u00e8iem la nostra mare feli\u00e7 i tots els companys amb un somriure.<\/span>[\/vc_column_text][vc_empty_space height=&#8221;32&#8243;][\/vc_column][\/vc_row][vc_row css_animation=&#8221;element_from_fade&#8221; row_type=&#8221;row&#8221; use_row_as_full_screen_section=&#8221;no&#8221; type=&#8221;grid&#8221; angled_section=&#8221;no&#8221; text_align=&#8221;left&#8221; background_image_as_pattern=&#8221;without_pattern&#8221; z_index=&#8221;&#8221;][vc_column width=&#8221;1\/3&#8243;][vc_column_text]<span style=\"color: #006799;\"><strong>C\u00e0psula 7 <span style=\"color: #333333;\">Ana, usu\u00e0ria del Centre de Dia, i la seva filla Rosario<\/span><\/strong><\/span>[\/vc_column_text][vc_empty_space height=&#8221;15&#8243;][vc_video link=&#8221;https:\/\/vimeo.com\/1086001289\/213922b8d6&#8243; align=&#8221;center&#8221;][vc_empty_space height=&#8221;10&#8243;][vc_column_text]<span style=\"color: #333333;\">&#8220;La meva preocupaci\u00f3 al principi era que ella s\u2019adapt\u00e9s i jo fos capa\u00e7 de deixar anar les amarres.<\/span><\/p>\n<p><span style=\"color: #333333;\">Pensava que pel fet d\u2019estar en una resid\u00e8ncia o centre de dia la relaci\u00f3 seria freda, de hola s\u00ed bon dia, de porta-la i recull-la, i la veritat \u00e9s que \u00e9s parlar com si f\u00f3ssim fam\u00edlia i preocupar-se per les coses, aconsellar-me, i si de vegades tinc algun problema per alguna cosa, pregunto i demano consell.&#8221;<\/span>[\/vc_column_text][vc_empty_space height=&#8221;50&#8243;][\/vc_column][vc_column width=&#8221;1\/3&#8243;][vc_column_text]<span style=\"color: #006799;\"><strong>C\u00e0psula 8 <span style=\"color: #333333;\">Antonia, resident, la seva filla Inma i el seu gendre<\/span><\/strong><\/span><\/p>\n<p>[\/vc_column_text][vc_empty_space height=&#8221;15&#8243;][vc_video link=&#8221;https:\/\/vimeo.com\/1089003017\/10cb86437c&#8221; align=&#8221;center&#8221;][vc_empty_space height=&#8221;10&#8243;][vc_column_text]<span style=\"color: #333333;\">&#8220;A mi em preocupava que estigu\u00e9s b\u00e9, i ho est\u00e0; que estigu\u00e9s neta, i ho est\u00e0; que estigu\u00e9s contenta, que tingu\u00e9s participaci\u00f3, que estigu\u00e9s amb gent i animada. Estem contents, tenim confian\u00e7a i la trobem a gust, tot positiu.&#8221;<\/span>[\/vc_column_text][vc_empty_space height=&#8221;50&#8243;][\/vc_column][vc_column width=&#8221;1\/3&#8243;][vc_column_text]<span style=\"color: #006799;\"><strong>C\u00e0psula 9 <span style=\"color: #333333;\">Santiago, fill de la Maravillas, que va ser resident<\/span><\/strong><\/span><\/p>\n<p>[\/vc_column_text][vc_empty_space height=&#8221;15&#8243;][vc_video link=&#8221;https:\/\/vimeo.com\/1089003952\/8f4126ec96&#8243; align=&#8221;center&#8221;][vc_empty_space height=&#8221;10&#8243;][vc_column_text]<span style=\"color: #333333;\">&#8220;La meva mare ja no podia estar a casa per les seves circumst\u00e0ncies f\u00edsiques i mentals, i ja havien vingut dues vegades els bombers a apagar el foc de la cuina.<\/span><\/p>\n<p><span style=\"color: #333333;\">Fer activitats, cantar, estar amb altres persones, ens va suavitzar la situaci\u00f3, i a casa estan molts cops veient la televisi\u00f3 en soledat .<\/span><\/p>\n<p><span style=\"color: #333333;\">L\u2019afecte que doneu a la gent gran, abra\u00e7ar-los, fer-los petons, aix\u00f2 \u00e9s molt significatiu perqu\u00e8 es recarreguen i els dona alegria.&#8221;<\/span>[\/vc_column_text][vc_empty_space height=&#8221;50&#8243;][\/vc_column][\/vc_row]<\/p>\n<\/div>","protected":false},"excerpt":{"rendered":"<p>[vc_row css_animation=&#8221;element_from_bottom&#8221; row_type=&#8221;row&#8221; use_row_as_full_screen_section=&#8221;no&#8221; type=&#8221;full_width&#8221; angled_section=&#8221;no&#8221; text_align=&#8221;left&#8221; background_image_as_pattern=&#8221;without_pattern&#8221; css=&#8221;.vc_custom_1747401180591{background-color: #58595b !important;}&#8221; z_index=&#8221;&#8221;][vc_column][vc_empty_space height=&#8221;50&#8243;][vc_column_text] Testimonis 5\u00e8 aniversari\u00a0 [\/vc_column_text][vc_empty_space height=&#8221;50&#8243;][\/vc_column][\/vc_row][vc_row css_animation=&#8221;&#8221; row_type=&#8221;row&#8221; use_row_as_full_screen_section=&#8221;no&#8221; type=&#8221;grid&#8221; angled_section=&#8221;no&#8221; text_align=&#8221;left&#8221; background_image_as_pattern=&#8221;without_pattern&#8221; z_index=&#8221;&#8221;][vc_column][vc_empty_space height=&#8221;50&#8243;][vc_column_text]El 14 de gener de 2020 obr\u00edem amb il\u00b7lusi\u00f3 el nostre nou centre de La Torreta al barri Eixample&#8230;<\/p>\n","protected":false},"author":2,"featured_media":0,"parent":0,"menu_order":0,"comment_status":"closed","ping_status":"closed","template":"full_width.php","meta":{"footnotes":""},"yst_prominent_words":[],"class_list":["post-2358","page","type-page","status-publish","hentry"],"_links":{"self":[{"href":"https:\/\/eixample-elprat.residenciaslatorreta.com\/ca\/wp-json\/wp\/v2\/pages\/2358","targetHints":{"allow":["GET"]}}],"collection":[{"href":"https:\/\/eixample-elprat.residenciaslatorreta.com\/ca\/wp-json\/wp\/v2\/pages"}],"about":[{"href":"https:\/\/eixample-elprat.residenciaslatorreta.com\/ca\/wp-json\/wp\/v2\/types\/page"}],"author":[{"embeddable":true,"href":"https:\/\/eixample-elprat.residenciaslatorreta.com\/ca\/wp-json\/wp\/v2\/users\/2"}],"replies":[{"embeddable":true,"href":"https:\/\/eixample-elprat.residenciaslatorreta.com\/ca\/wp-json\/wp\/v2\/comments?post=2358"}],"version-history":[{"count":12,"href":"https:\/\/eixample-elprat.residenciaslatorreta.com\/ca\/wp-json\/wp\/v2\/pages\/2358\/revisions"}],"predecessor-version":[{"id":2385,"href":"https:\/\/eixample-elprat.residenciaslatorreta.com\/ca\/wp-json\/wp\/v2\/pages\/2358\/revisions\/2385"}],"wp:attachment":[{"href":"https:\/\/eixample-elprat.residenciaslatorreta.com\/ca\/wp-json\/wp\/v2\/media?parent=2358"}],"wp:term":[{"taxonomy":"yst_prominent_words","embeddable":true,"href":"https:\/\/eixample-elprat.residenciaslatorreta.com\/ca\/wp-json\/wp\/v2\/yst_prominent_words?post=2358"}],"curies":[{"name":"wp","href":"https:\/\/api.w.org\/{rel}","templated":true}]}}